{"id":37738,"date":"2025-12-05T13:41:32","date_gmt":"2025-12-05T12:41:32","guid":{"rendered":"https:\/\/vizzlab.fr\/?page_id=37738"},"modified":"2025-12-05T14:22:16","modified_gmt":"2025-12-05T13:22:16","slug":"celony-image","status":"publish","type":"page","link":"https:\/\/vizzlab.fr\/index.php\/celony-image\/","title":{"rendered":"celony-image"},"content":{"rendered":"\t\t<div data-elementor-type=\"wp-page\" data-elementor-id=\"37738\" class=\"elementor elementor-37738\" data-elementor-post-type=\"page\">\n\t\t\t\t\t\t<section class=\"elementor-section elementor-top-section elementor-element elementor-element-56bd475 elementor-section-boxed elementor-section-height-default elementor-section-height-default\" data-id=\"56bd475\" data-element_type=\"section\" data-e-type=\"section\" id=\"perspective\">\n\t\t\t\t\t\t<div class=\"elementor-container elementor-column-gap-no\">\n\t\t\t\t\t<div class=\"elementor-column elementor-col-100 elementor-top-column elementor-element elementor-element-0acbf13\" data-id=\"0acbf13\" data-element_type=\"column\" data-e-type=\"column\">\n\t\t\t<div class=\"elementor-widget-wrap elementor-element-populated\">\n\t\t\t\t\t\t<div class=\"elementor-element elementor-element-3aa192c elementor-widget elementor-widget-heading\" data-id=\"3aa192c\" data-element_type=\"widget\" data-e-type=\"widget\" data-widget_type=\"heading.default\">\n\t\t\t\t<div class=\"elementor-widget-container\">\n\t\t\t\t\t<h4 class=\"elementor-heading-title elementor-size-default\">R\u00e9sidence Signature C\u00e9lony<\/h4>\t\t\t\t<\/div>\n\t\t\t\t<\/div>\n\t\t\t\t<div class=\"elementor-element elementor-element-bcad9d5 elementor-widget elementor-widget-gallery\" data-id=\"bcad9d5\" data-element_type=\"widget\" data-e-type=\"widget\" data-settings=\"{&quot;columns&quot;:5,&quot;gap&quot;:{&quot;unit&quot;:&quot;px&quot;,&quot;size&quot;:29,&quot;sizes&quot;:[]},&quot;aspect_ratio&quot;:&quot;1:1&quot;,&quot;lazyload&quot;:&quot;yes&quot;,&quot;gallery_layout&quot;:&quot;grid&quot;,&quot;columns_tablet&quot;:2,&quot;columns_mobile&quot;:1,&quot;gap_tablet&quot;:{&quot;unit&quot;:&quot;px&quot;,&quot;size&quot;:10,&quot;sizes&quot;:[]},&quot;gap_mobile&quot;:{&quot;unit&quot;:&quot;px&quot;,&quot;size&quot;:10,&quot;sizes&quot;:[]},&quot;link_to&quot;:&quot;file&quot;,&quot;overlay_background&quot;:&quot;yes&quot;,&quot;content_hover_animation&quot;:&quot;fade-in&quot;}\" data-widget_type=\"gallery.default\">\n\t\t\t\t<div class=\"elementor-widget-container\">\n\t\t\t\t\t\t\t<div class=\"elementor-gallery__container\">\n\t\t\t\t\t\t\t<a class=\"e-gallery-item elementor-gallery-item elementor-animated-content\" href=\"https:\/\/vizzlab.fr\/wp-content\/uploads\/2025\/12\/CELONY_ambiance_02-lowdef-scaled.jpg\" data-elementor-open-lightbox=\"yes\" data-elementor-lightbox-slideshow=\"bcad9d5\" data-e-action-hash=\"#elementor-action%3Aaction%3Dlightbox%26settings%3DeyJpZCI6Mzc3NDQsInVybCI6Imh0dHBzOlwvXC92aXp6bGFiLmZyXC93cC1jb250ZW50XC91cGxvYWRzXC8yMDI1XC8xMlwvQ0VMT05ZX2FtYmlhbmNlXzAyLWxvd2RlZi1zY2FsZWQuanBnIiwic2xpZGVzaG93IjoiYmNhZDlkNSJ9\">\n\t\t\t\t\t<div class=\"e-gallery-image elementor-gallery-item__image\" data-thumbnail=\"https:\/\/vizzlab.fr\/wp-content\/uploads\/2025\/12\/CELONY_ambiance_02-lowdef-scaled.jpg\" data-width=\"2560\" data-height=\"1623\" aria-label=\"\" role=\"img\" ><\/div>\n\t\t\t\t\t\t\t\t\t\t\t<div class=\"elementor-gallery-item__overlay\"><\/div>\n\t\t\t\t\t\t\t\t\t\t\t\t\t\t<\/a>\n\t\t\t\t\t\t\t<a class=\"e-gallery-item elementor-gallery-item elementor-animated-content\" href=\"https:\/\/vizzlab.fr\/wp-content\/uploads\/2025\/12\/CELONY_cyclorama_02-lowdef.jpg\" data-elementor-open-lightbox=\"yes\" data-elementor-lightbox-slideshow=\"bcad9d5\" data-e-action-hash=\"#elementor-action%3Aaction%3Dlightbox%26settings%3DeyJpZCI6Mzc3NDUsInVybCI6Imh0dHBzOlwvXC92aXp6bGFiLmZyXC93cC1jb250ZW50XC91cGxvYWRzXC8yMDI1XC8xMlwvQ0VMT05ZX2N5Y2xvcmFtYV8wMi1sb3dkZWYuanBnIiwic2xpZGVzaG93IjoiYmNhZDlkNSJ9\">\n\t\t\t\t\t<div class=\"e-gallery-image elementor-gallery-item__image\" data-thumbnail=\"https:\/\/vizzlab.fr\/wp-content\/uploads\/2025\/12\/CELONY_cyclorama_02-lowdef.jpg\" data-width=\"0\" data-height=\"0\" aria-label=\"\" role=\"img\" ><\/div>\n\t\t\t\t\t\t\t\t\t\t\t<div class=\"elementor-gallery-item__overlay\"><\/div>\n\t\t\t\t\t\t\t\t\t\t\t\t\t\t<\/a>\n\t\t\t\t\t\t\t<a class=\"e-gallery-item elementor-gallery-item elementor-animated-content\" href=\"https:\/\/vizzlab.fr\/wp-content\/uploads\/2025\/12\/CELONY_inserion-aerienne_01-lowdef.jpg\" data-elementor-open-lightbox=\"yes\" data-elementor-lightbox-slideshow=\"bcad9d5\" data-e-action-hash=\"#elementor-action%3Aaction%3Dlightbox%26settings%3DeyJpZCI6Mzc3NDYsInVybCI6Imh0dHBzOlwvXC92aXp6bGFiLmZyXC93cC1jb250ZW50XC91cGxvYWRzXC8yMDI1XC8xMlwvQ0VMT05ZX2luc2VyaW9uLWFlcmllbm5lXzAxLWxvd2RlZi5qcGciLCJzbGlkZXNob3ciOiJiY2FkOWQ1In0%3D\">\n\t\t\t\t\t<div class=\"e-gallery-image elementor-gallery-item__image\" data-thumbnail=\"https:\/\/vizzlab.fr\/wp-content\/uploads\/2025\/12\/CELONY_inserion-aerienne_01-lowdef.jpg\" data-width=\"0\" data-height=\"0\" aria-label=\"\" role=\"img\" ><\/div>\n\t\t\t\t\t\t\t\t\t\t\t<div class=\"elementor-gallery-item__overlay\"><\/div>\n\t\t\t\t\t\t\t\t\t\t\t\t\t\t<\/a>\n\t\t\t\t\t\t\t<a class=\"e-gallery-item elementor-gallery-item elementor-animated-content\" href=\"https:\/\/vizzlab.fr\/wp-content\/uploads\/2025\/12\/CELONY_plan-masse_01-lowdef.jpg\" data-elementor-open-lightbox=\"yes\" data-elementor-lightbox-slideshow=\"bcad9d5\" data-e-action-hash=\"#elementor-action%3Aaction%3Dlightbox%26settings%3DeyJpZCI6Mzc3NDcsInVybCI6Imh0dHBzOlwvXC92aXp6bGFiLmZyXC93cC1jb250ZW50XC91cGxvYWRzXC8yMDI1XC8xMlwvQ0VMT05ZX3BsYW4tbWFzc2VfMDEtbG93ZGVmLmpwZyIsInNsaWRlc2hvdyI6ImJjYWQ5ZDUifQ%3D%3D\">\n\t\t\t\t\t<div class=\"e-gallery-image elementor-gallery-item__image\" data-thumbnail=\"https:\/\/vizzlab.fr\/wp-content\/uploads\/2025\/12\/CELONY_plan-masse_01-lowdef.jpg\" data-width=\"0\" data-height=\"0\" aria-label=\"\" role=\"img\" ><\/div>\n\t\t\t\t\t\t\t\t\t\t\t<div class=\"elementor-gallery-item__overlay\"><\/div>\n\t\t\t\t\t\t\t\t\t\t\t\t\t\t<\/a>\n\t\t\t\t\t\t\t<a class=\"e-gallery-item elementor-gallery-item elementor-animated-content\" href=\"https:\/\/vizzlab.fr\/wp-content\/uploads\/2025\/12\/CELONY_terrasse_04-lowdef-scaled.jpg\" data-elementor-open-lightbox=\"yes\" data-elementor-lightbox-slideshow=\"bcad9d5\" data-e-action-hash=\"#elementor-action%3Aaction%3Dlightbox%26settings%3DeyJpZCI6Mzc3NDgsInVybCI6Imh0dHBzOlwvXC92aXp6bGFiLmZyXC93cC1jb250ZW50XC91cGxvYWRzXC8yMDI1XC8xMlwvQ0VMT05ZX3RlcnJhc3NlXzA0LWxvd2RlZi1zY2FsZWQuanBnIiwic2xpZGVzaG93IjoiYmNhZDlkNSJ9\">\n\t\t\t\t\t<div class=\"e-gallery-image elementor-gallery-item__image\" data-thumbnail=\"https:\/\/vizzlab.fr\/wp-content\/uploads\/2025\/12\/CELONY_terrasse_04-lowdef-scaled.jpg\" data-width=\"2560\" data-height=\"1623\" aria-label=\"\" role=\"img\" ><\/div>\n\t\t\t\t\t\t\t\t\t\t\t<div class=\"elementor-gallery-item__overlay\"><\/div>\n\t\t\t\t\t\t\t\t\t\t\t\t\t\t<\/a>\n\t\t\t\t\t<\/div>\n\t\t\t\t\t<\/div>\n\t\t\t\t<\/div>\n\t\t\t\t<div class=\"elementor-element elementor-element-d4f3283 elementor-widget elementor-widget-heading\" data-id=\"d4f3283\" data-element_type=\"widget\" data-e-type=\"widget\" data-widget_type=\"heading.default\">\n\t\t\t\t<div class=\"elementor-widget-container\">\n\t\t\t\t\t<h4 class=\"elementor-heading-title elementor-size-default\">Localisation<\/h4>\t\t\t\t<\/div>\n\t\t\t\t<\/div>\n\t\t\t\t<div class=\"elementor-element elementor-element-83475dc elementor-widget elementor-widget-google_maps\" data-id=\"83475dc\" data-element_type=\"widget\" data-e-type=\"widget\" data-widget_type=\"google_maps.default\">\n\t\t\t\t<div class=\"elementor-widget-container\">\n\t\t\t\t\t\t\t<div class=\"elementor-custom-embed\">\n\t\t\t<iframe loading=\"lazy\"\n\t\t\t\t\tsrc=\"https:\/\/maps.google.com\/maps?q=1275%20Rte%20d%27Avignon%2C%2013090%20Aix-en-Provence&#038;t=m&#038;z=17&#038;output=embed&#038;iwloc=near\"\n\t\t\t\t\ttitle=\"1275 Rte d&#039;Avignon, 13090 Aix-en-Provence\"\n\t\t\t\t\taria-label=\"1275 Rte d&#039;Avignon, 13090 Aix-en-Provence\"\n\t\t\t><\/iframe>\n\t\t<\/div>\n\t\t\t\t\t\t<\/div>\n\t\t\t\t<\/div>\n\t\t\t\t\t<\/div>\n\t\t<\/div>\n\t\t\t\t\t<\/div>\n\t\t<\/section>\n\t\t\t\t<section class=\"elementor-section elementor-top-section elementor-element elementor-element-7aad1b49 elementor-section-content-middle elementor-section-boxed elementor-section-height-default elementor-section-height-default\" data-id=\"7aad1b49\" data-element_type=\"section\" data-e-type=\"section\">\n\t\t\t\t\t\t<div class=\"elementor-container elementor-column-gap-default\">\n\t\t\t\t\t<div class=\"elementor-column elementor-col-100 elementor-top-column elementor-element elementor-element-1486b9b2\" data-id=\"1486b9b2\" data-element_type=\"column\" data-e-type=\"column\">\n\t\t\t<div class=\"elementor-widget-wrap elementor-element-populated\">\n\t\t\t\t\t\t<div class=\"elementor-element elementor-element-2d8da4bc elementor-widget-divider--view-line elementor-widget elementor-widget-divider\" data-id=\"2d8da4bc\" data-element_type=\"widget\" data-e-type=\"widget\" data-widget_type=\"divider.default\">\n\t\t\t\t<div class=\"elementor-widget-container\">\n\t\t\t\t\t\t\t<div class=\"elementor-divider\">\n\t\t\t<span class=\"elementor-divider-separator\">\n\t\t\t\t\t\t<\/span>\n\t\t<\/div>\n\t\t\t\t\t\t<\/div>\n\t\t\t\t<\/div>\n\t\t\t\t<section class=\"elementor-section elementor-inner-section elementor-element elementor-element-73ab9ea3 elementor-section-full_width elementor-section-height-default elementor-section-height-default\" data-id=\"73ab9ea3\" data-element_type=\"section\" data-e-type=\"section\">\n\t\t\t\t\t\t<div class=\"elementor-container elementor-column-gap-default\">\n\t\t\t\t\t<div class=\"elementor-column elementor-col-50 elementor-inner-column elementor-element elementor-element-3cf1dc8a\" data-id=\"3cf1dc8a\" data-element_type=\"column\" data-e-type=\"column\">\n\t\t\t<div class=\"elementor-widget-wrap elementor-element-populated\">\n\t\t\t\t\t\t<div class=\"elementor-element elementor-element-31771b7e elementor-widget__width-initial elementor-widget elementor-widget-text-editor\" data-id=\"31771b7e\" data-element_type=\"widget\" data-e-type=\"widget\" data-widget_type=\"text-editor.default\">\n\t\t\t\t<div class=\"elementor-widget-container\">\n\t\t\t\t\t\t\t\t\t<p>Studio de cr\u00e9ation d&rsquo;images et de vid\u00e9os pour l&rsquo;architecture<\/p>\t\t\t\t\t\t\t\t<\/div>\n\t\t\t\t<\/div>\n\t\t\t\t\t<\/div>\n\t\t<\/div>\n\t\t\t\t<div class=\"elementor-column elementor-col-50 elementor-inner-column elementor-element elementor-element-7266de33\" data-id=\"7266de33\" data-element_type=\"column\" data-e-type=\"column\">\n\t\t\t<div class=\"elementor-widget-wrap elementor-element-populated\">\n\t\t\t\t\t\t<div class=\"elementor-element elementor-element-2998fef3 elementor-widget elementor-widget-text-editor\" data-id=\"2998fef3\" data-element_type=\"widget\" data-e-type=\"widget\" data-widget_type=\"text-editor.default\">\n\t\t\t\t<div class=\"elementor-widget-container\">\n\t\t\t\t\t\t\t\t\t<p>\u00a9 All Rights Reserved 2025<\/p>\t\t\t\t\t\t\t\t<\/div>\n\t\t\t\t<\/div>\n\t\t\t\t\t<\/div>\n\t\t<\/div>\n\t\t\t\t\t<\/div>\n\t\t<\/section>\n\t\t\t\t\t<\/div>\n\t\t<\/div>\n\t\t\t\t\t<\/div>\n\t\t<\/section>\n\t\t\t\t<\/div>\n\t\t","protected":false},"excerpt":{"rendered":"<p>R\u00e9sidence Signature C\u00e9lony Localisation Studio de cr\u00e9ation d&rsquo;images et de vid\u00e9os pour l&rsquo;architecture \u00a9 All Rights Reserved 2025<\/p>\n","protected":false},"author":1,"featured_media":0,"parent":0,"menu_order":0,"comment_status":"closed","ping_status":"closed","template":"","meta":{"ocean_post_layout":"full-screen","ocean_both_sidebars_style":"","ocean_both_sidebars_content_width":0,"ocean_both_sidebars_sidebars_width":0,"ocean_sidebar":"0","ocean_second_sidebar":"0","ocean_disable_margins":"enable","ocean_add_body_class":"","ocean_shortcode_before_top_bar":"","ocean_shortcode_after_top_bar":"","ocean_shortcode_before_header":"","ocean_shortcode_after_header":"","ocean_has_shortcode":"","ocean_shortcode_after_title":"","ocean_shortcode_before_footer_widgets":"","ocean_shortcode_after_footer_widgets":"","ocean_shortcode_before_footer_bottom":"","ocean_shortcode_after_footer_bottom":"","ocean_display_top_bar":"off","ocean_display_header":"on","ocean_header_style":"custom","ocean_center_header_left_menu":"0","ocean_custom_header_template":"0","ocean_custom_logo":1681,"ocean_custom_retina_logo":0,"ocean_custom_logo_max_width":0,"ocean_custom_logo_tablet_max_width":0,"ocean_custom_logo_mobile_max_width":0,"ocean_custom_logo_max_height":0,"ocean_custom_logo_tablet_max_height":0,"ocean_custom_logo_mobile_max_height":0,"ocean_header_custom_menu":"0","ocean_menu_typo_font_family":"Montserrat","ocean_menu_typo_font_subset":"","ocean_menu_typo_font_size":0,"ocean_menu_typo_font_size_tablet":0,"ocean_menu_typo_font_size_mobile":0,"ocean_menu_typo_font_size_unit":"px","ocean_menu_typo_font_weight":"","ocean_menu_typo_font_weight_tablet":"","ocean_menu_typo_font_weight_mobile":"","ocean_menu_typo_transform":"","ocean_menu_typo_transform_tablet":"","ocean_menu_typo_transform_mobile":"","ocean_menu_typo_line_height":0,"ocean_menu_typo_line_height_tablet":0,"ocean_menu_typo_line_height_mobile":0,"ocean_menu_typo_line_height_unit":"","ocean_menu_typo_spacing":0,"ocean_menu_typo_spacing_tablet":0,"ocean_menu_typo_spacing_mobile":0,"ocean_menu_typo_spacing_unit":"","ocean_menu_link_color":"","ocean_menu_link_color_hover":"","ocean_menu_link_color_active":"","ocean_menu_link_background":"","ocean_menu_link_hover_background":"","ocean_menu_link_active_background":"","ocean_menu_social_links_bg":"","ocean_menu_social_hover_links_bg":"","ocean_menu_social_links_color":"","ocean_menu_social_hover_links_color":"","ocean_disable_title":"on","ocean_disable_heading":"on","ocean_post_title":"VIZZ | Infographie 3D","ocean_post_subheading":"VIZZ est un Lab de visualisation pour l'architecture. Il propose des prestations d'infographie 3D vous permettant de vous d\u00e9marquer par la communication de vos projets.","ocean_post_title_style":"","ocean_post_title_background_color":"","ocean_post_title_background":0,"ocean_post_title_bg_image_position":"","ocean_post_title_bg_image_attachment":"","ocean_post_title_bg_image_repeat":"","ocean_post_title_bg_image_size":"","ocean_post_title_height":0,"ocean_post_title_bg_overlay":0.5,"ocean_post_title_bg_overlay_color":"","ocean_disable_breadcrumbs":"default","ocean_breadcrumbs_color":"","ocean_breadcrumbs_separator_color":"","ocean_breadcrumbs_links_color":"","ocean_breadcrumbs_links_hover_color":"","ocean_display_footer_widgets":"on","ocean_display_footer_bottom":"off","ocean_custom_footer_template":"0","footnotes":""},"class_list":["post-37738","page","type-page","status-publish","hentry","entry"],"yoast_head":"<!-- This site is optimized with the Yoast SEO plugin v27.5 - https:\/\/yoast.com\/product\/yoast-seo-wordpress\/ -->\n<title>celony-image - VIZZ | Perspectiviste - Infographie 3D<\/title>\n<meta name=\"description\" content=\"Atelier de cr\u00e9ation d\u00e9di\u00e9 \u00e0 la repr\u00e9sentation architecturale : perspective, vid\u00e9o, maquette, reportage photographique\" \/>\n<meta name=\"robots\" content=\"index, follow, max-snippet:-1, max-image-preview:large, max-video-preview:-1\" \/>\n<link rel=\"canonical\" href=\"https:\/\/vizzlab.fr\/index.php\/celony-image\/\" \/>\n<meta property=\"og:locale\" content=\"fr_FR\" \/>\n<meta property=\"og:type\" content=\"article\" \/>\n<meta property=\"og:title\" content=\"celony-image - VIZZ | Perspectiviste - Infographie 3D\" \/>\n<meta property=\"og:description\" content=\"Atelier de cr\u00e9ation d\u00e9di\u00e9 \u00e0 la repr\u00e9sentation architecturale : perspective, vid\u00e9o, maquette, reportage photographique\" \/>\n<meta property=\"og:url\" content=\"https:\/\/vizzlab.fr\/index.php\/celony-image\/\" \/>\n<meta property=\"og:site_name\" content=\"VIZZ | Perspectiviste - Infographie 3D\" \/>\n<meta property=\"article:publisher\" content=\"https:\/\/www.facebook.com\/vizzprofil\" \/>\n<meta property=\"article:modified_time\" content=\"2025-12-05T13:22:16+00:00\" \/>\n<meta name=\"twitter:card\" content=\"summary_large_image\" \/>\n<meta name=\"twitter:label1\" content=\"Dur\u00e9e de lecture estim\u00e9e\" \/>\n\t<meta name=\"twitter:data1\" content=\"1 minute\" \/>\n<script type=\"application\/ld+json\" class=\"yoast-schema-graph\">{\"@context\":\"https:\\\/\\\/schema.org\",\"@graph\":[{\"@type\":\"WebPage\",\"@id\":\"https:\\\/\\\/vizzlab.fr\\\/index.php\\\/celony-image\\\/\",\"url\":\"https:\\\/\\\/vizzlab.fr\\\/index.php\\\/celony-image\\\/\",\"name\":\"celony-image - VIZZ | Perspectiviste - Infographie 3D\",\"isPartOf\":{\"@id\":\"https:\\\/\\\/vizzlab.fr\\\/#website\"},\"datePublished\":\"2025-12-05T12:41:32+00:00\",\"dateModified\":\"2025-12-05T13:22:16+00:00\",\"description\":\"Atelier de cr\u00e9ation d\u00e9di\u00e9 \u00e0 la repr\u00e9sentation architecturale : perspective, vid\u00e9o, maquette, reportage photographique\",\"breadcrumb\":{\"@id\":\"https:\\\/\\\/vizzlab.fr\\\/index.php\\\/celony-image\\\/#breadcrumb\"},\"inLanguage\":\"fr-FR\",\"potentialAction\":[{\"@type\":\"ReadAction\",\"target\":[\"https:\\\/\\\/vizzlab.fr\\\/index.php\\\/celony-image\\\/\"]}]},{\"@type\":\"BreadcrumbList\",\"@id\":\"https:\\\/\\\/vizzlab.fr\\\/index.php\\\/celony-image\\\/#breadcrumb\",\"itemListElement\":[{\"@type\":\"ListItem\",\"position\":1,\"name\":\"Accueil\",\"item\":\"https:\\\/\\\/vizzlab.fr\\\/\"},{\"@type\":\"ListItem\",\"position\":2,\"name\":\"celony-image\"}]},{\"@type\":\"WebSite\",\"@id\":\"https:\\\/\\\/vizzlab.fr\\\/#website\",\"url\":\"https:\\\/\\\/vizzlab.fr\\\/\",\"name\":\"VIZZ - Infographie 3D\",\"description\":\"VIZZ est un Lab de visualisation pour l&#039;architecture. Il propose des solutions de communication de vos projets : perspective, animation, rendu 3D (plan, axonom\u00e9trie, maquette).\",\"publisher\":{\"@id\":\"https:\\\/\\\/vizzlab.fr\\\/#organization\"},\"potentialAction\":[{\"@type\":\"SearchAction\",\"target\":{\"@type\":\"EntryPoint\",\"urlTemplate\":\"https:\\\/\\\/vizzlab.fr\\\/?s={search_term_string}\"},\"query-input\":{\"@type\":\"PropertyValueSpecification\",\"valueRequired\":true,\"valueName\":\"search_term_string\"}}],\"inLanguage\":\"fr-FR\"},{\"@type\":\"Organization\",\"@id\":\"https:\\\/\\\/vizzlab.fr\\\/#organization\",\"name\":\"VIZZ - Infographie 3D\",\"url\":\"https:\\\/\\\/vizzlab.fr\\\/\",\"logo\":{\"@type\":\"ImageObject\",\"inLanguage\":\"fr-FR\",\"@id\":\"https:\\\/\\\/vizzlab.fr\\\/#\\\/schema\\\/logo\\\/image\\\/\",\"url\":\"https:\\\/\\\/vizzlab.fr\\\/wp-content\\\/uploads\\\/2020\\\/09\\\/apres.jpg\",\"contentUrl\":\"https:\\\/\\\/vizzlab.fr\\\/wp-content\\\/uploads\\\/2020\\\/09\\\/apres.jpg\",\"width\":1920,\"height\":1080,\"caption\":\"VIZZ - Infographie 3D\"},\"image\":{\"@id\":\"https:\\\/\\\/vizzlab.fr\\\/#\\\/schema\\\/logo\\\/image\\\/\"},\"sameAs\":[\"https:\\\/\\\/www.facebook.com\\\/vizzprofil\"]}]}<\/script>\n<!-- \/ Yoast SEO plugin. -->","yoast_head_json":{"title":"celony-image - VIZZ | Perspectiviste - Infographie 3D","description":"Atelier de cr\u00e9ation d\u00e9di\u00e9 \u00e0 la repr\u00e9sentation architecturale : perspective, vid\u00e9o, maquette, reportage photographique","robots":{"index":"index","follow":"follow","max-snippet":"max-snippet:-1","max-image-preview":"max-image-preview:large","max-video-preview":"max-video-preview:-1"},"canonical":"https:\/\/vizzlab.fr\/index.php\/celony-image\/","og_locale":"fr_FR","og_type":"article","og_title":"celony-image - VIZZ | Perspectiviste - Infographie 3D","og_description":"Atelier de cr\u00e9ation d\u00e9di\u00e9 \u00e0 la repr\u00e9sentation architecturale : perspective, vid\u00e9o, maquette, reportage photographique","og_url":"https:\/\/vizzlab.fr\/index.php\/celony-image\/","og_site_name":"VIZZ | Perspectiviste - Infographie 3D","article_publisher":"https:\/\/www.facebook.com\/vizzprofil","article_modified_time":"2025-12-05T13:22:16+00:00","twitter_card":"summary_large_image","twitter_misc":{"Dur\u00e9e de lecture estim\u00e9e":"1 minute"},"schema":{"@context":"https:\/\/schema.org","@graph":[{"@type":"WebPage","@id":"https:\/\/vizzlab.fr\/index.php\/celony-image\/","url":"https:\/\/vizzlab.fr\/index.php\/celony-image\/","name":"celony-image - VIZZ | Perspectiviste - Infographie 3D","isPartOf":{"@id":"https:\/\/vizzlab.fr\/#website"},"datePublished":"2025-12-05T12:41:32+00:00","dateModified":"2025-12-05T13:22:16+00:00","description":"Atelier de cr\u00e9ation d\u00e9di\u00e9 \u00e0 la repr\u00e9sentation architecturale : perspective, vid\u00e9o, maquette, reportage photographique","breadcrumb":{"@id":"https:\/\/vizzlab.fr\/index.php\/celony-image\/#breadcrumb"},"inLanguage":"fr-FR","potentialAction":[{"@type":"ReadAction","target":["https:\/\/vizzlab.fr\/index.php\/celony-image\/"]}]},{"@type":"BreadcrumbList","@id":"https:\/\/vizzlab.fr\/index.php\/celony-image\/#breadcrumb","itemListElement":[{"@type":"ListItem","position":1,"name":"Accueil","item":"https:\/\/vizzlab.fr\/"},{"@type":"ListItem","position":2,"name":"celony-image"}]},{"@type":"WebSite","@id":"https:\/\/vizzlab.fr\/#website","url":"https:\/\/vizzlab.fr\/","name":"VIZZ - Infographie 3D","description":"VIZZ est un Lab de visualisation pour l&#039;architecture. Il propose des solutions de communication de vos projets : perspective, animation, rendu 3D (plan, axonom\u00e9trie, maquette).","publisher":{"@id":"https:\/\/vizzlab.fr\/#organization"},"potentialAction":[{"@type":"SearchAction","target":{"@type":"EntryPoint","urlTemplate":"https:\/\/vizzlab.fr\/?s={search_term_string}"},"query-input":{"@type":"PropertyValueSpecification","valueRequired":true,"valueName":"search_term_string"}}],"inLanguage":"fr-FR"},{"@type":"Organization","@id":"https:\/\/vizzlab.fr\/#organization","name":"VIZZ - Infographie 3D","url":"https:\/\/vizzlab.fr\/","logo":{"@type":"ImageObject","inLanguage":"fr-FR","@id":"https:\/\/vizzlab.fr\/#\/schema\/logo\/image\/","url":"https:\/\/vizzlab.fr\/wp-content\/uploads\/2020\/09\/apres.jpg","contentUrl":"https:\/\/vizzlab.fr\/wp-content\/uploads\/2020\/09\/apres.jpg","width":1920,"height":1080,"caption":"VIZZ - Infographie 3D"},"image":{"@id":"https:\/\/vizzlab.fr\/#\/schema\/logo\/image\/"},"sameAs":["https:\/\/www.facebook.com\/vizzprofil"]}]}},"_links":{"self":[{"href":"https:\/\/vizzlab.fr\/index.php\/wp-json\/wp\/v2\/pages\/37738","targetHints":{"allow":["GET"]}}],"collection":[{"href":"https:\/\/vizzlab.fr\/index.php\/wp-json\/wp\/v2\/pages"}],"about":[{"href":"https:\/\/vizzlab.fr\/index.php\/wp-json\/wp\/v2\/types\/page"}],"author":[{"embeddable":true,"href":"https:\/\/vizzlab.fr\/index.php\/wp-json\/wp\/v2\/users\/1"}],"replies":[{"embeddable":true,"href":"https:\/\/vizzlab.fr\/index.php\/wp-json\/wp\/v2\/comments?post=37738"}],"version-history":[{"count":6,"href":"https:\/\/vizzlab.fr\/index.php\/wp-json\/wp\/v2\/pages\/37738\/revisions"}],"predecessor-version":[{"id":37754,"href":"https:\/\/vizzlab.fr\/index.php\/wp-json\/wp\/v2\/pages\/37738\/revisions\/37754"}],"wp:attachment":[{"href":"https:\/\/vizzlab.fr\/index.php\/wp-json\/wp\/v2\/media?parent=37738"}],"curies":[{"name":"wp","href":"https:\/\/api.w.org\/{rel}","templated":true}]}}