{"id":37313,"date":"2025-12-02T18:27:17","date_gmt":"2025-12-02T17:27:17","guid":{"rendered":"https:\/\/vizzlab.fr\/?page_id=37313"},"modified":"2025-12-05T16:32:46","modified_gmt":"2025-12-05T15:32:46","slug":"source_plans","status":"publish","type":"page","link":"https:\/\/vizzlab.fr\/index.php\/source_plans\/","title":{"rendered":"source plans"},"content":{"rendered":"\t\t<div data-elementor-type=\"wp-page\" data-elementor-id=\"37313\" class=\"elementor elementor-37313\" data-elementor-post-type=\"page\">\n\t\t\t\t\t\t<section class=\"elementor-section elementor-top-section elementor-element elementor-element-27b5d22 elementor-section-full_width elementor-section-height-full elementor-section-items-stretch elementor-section-stretched elementor-section-height-default\" data-id=\"27b5d22\" data-element_type=\"section\" data-e-type=\"section\" data-settings=\"{&quot;stretch_section&quot;:&quot;section-stretched&quot;}\">\n\t\t\t\t\t\t<div class=\"elementor-container elementor-column-gap-default\">\n\t\t\t\t\t<div class=\"elementor-column elementor-col-100 elementor-top-column elementor-element elementor-element-f9860c8\" data-id=\"f9860c8\" data-element_type=\"column\" data-e-type=\"column\">\n\t\t\t<div class=\"elementor-widget-wrap elementor-element-populated\">\n\t\t\t\t\t\t<div class=\"elementor-element elementor-element-6f193ea elementor-widget__width-inherit mes-onglets-cartes elementor-tabs-alignment-center elementor-tabs-view-horizontal elementor-widget elementor-widget-tabs\" data-id=\"6f193ea\" data-element_type=\"widget\" data-e-type=\"widget\" data-widget_type=\"tabs.default\">\n\t\t\t\t<div class=\"elementor-widget-container\">\n\t\t\t\t\t\t\t<div class=\"elementor-tabs\">\n\t\t\t<div class=\"elementor-tabs-wrapper\" role=\"tablist\" >\n\t\t\t\t\t\t\t\t\t<div id=\"elementor-tab-title-1161\" class=\"elementor-tab-title elementor-tab-desktop-title\" aria-selected=\"true\" data-tab=\"1\" role=\"tab\" tabindex=\"0\" aria-controls=\"elementor-tab-content-1161\" aria-expanded=\"false\">RDC<\/div>\n\t\t\t\t\t\t\t\t\t<div id=\"elementor-tab-title-1162\" class=\"elementor-tab-title elementor-tab-desktop-title\" aria-selected=\"false\" data-tab=\"2\" role=\"tab\" tabindex=\"-1\" aria-controls=\"elementor-tab-content-1162\" aria-expanded=\"false\">1er \u00e9tage<\/div>\n\t\t\t\t\t\t\t\t\t<div id=\"elementor-tab-title-1163\" class=\"elementor-tab-title elementor-tab-desktop-title\" aria-selected=\"false\" data-tab=\"3\" role=\"tab\" tabindex=\"-1\" aria-controls=\"elementor-tab-content-1163\" aria-expanded=\"false\">2\u00e8me \u00e9tage<\/div>\n\t\t\t\t\t\t\t<\/div>\n\t\t\t<div class=\"elementor-tabs-content-wrapper\" role=\"tablist\" aria-orientation=\"vertical\">\n\t\t\t\t\t\t\t\t\t<div class=\"elementor-tab-title elementor-tab-mobile-title\" aria-selected=\"true\" data-tab=\"1\" role=\"tab\" tabindex=\"0\" aria-controls=\"elementor-tab-content-1161\" aria-expanded=\"false\">RDC<\/div>\n\t\t\t\t\t<div id=\"elementor-tab-content-1161\" class=\"elementor-tab-content elementor-clearfix\" data-tab=\"1\" role=\"tabpanel\" aria-labelledby=\"elementor-tab-title-1161\" tabindex=\"0\" hidden=\"false\"><p><div><div id=\"image-map-pro-231763d8-db62-4f72-8f31-b50abdd3d124\"><\/div><\/div><\/p><\/div>\n\t\t\t\t\t\t\t\t\t<div class=\"elementor-tab-title elementor-tab-mobile-title\" aria-selected=\"false\" data-tab=\"2\" role=\"tab\" tabindex=\"-1\" aria-controls=\"elementor-tab-content-1162\" aria-expanded=\"false\">1er \u00e9tage<\/div>\n\t\t\t\t\t<div id=\"elementor-tab-content-1162\" class=\"elementor-tab-content elementor-clearfix\" data-tab=\"2\" role=\"tabpanel\" aria-labelledby=\"elementor-tab-title-1162\" tabindex=\"0\" hidden=\"hidden\"><p><div><div id=\"image-map-pro-98a9704a-57c3-427f-81de-b4d1546c8d0b\"><\/div><\/div><\/p><\/div>\n\t\t\t\t\t\t\t\t\t<div class=\"elementor-tab-title elementor-tab-mobile-title\" aria-selected=\"false\" data-tab=\"3\" role=\"tab\" tabindex=\"-1\" aria-controls=\"elementor-tab-content-1163\" aria-expanded=\"false\">2\u00e8me \u00e9tage<\/div>\n\t\t\t\t\t<div id=\"elementor-tab-content-1163\" class=\"elementor-tab-content elementor-clearfix\" data-tab=\"3\" role=\"tabpanel\" aria-labelledby=\"elementor-tab-title-1163\" tabindex=\"0\" hidden=\"hidden\"><p><div><div id=\"image-map-pro-69a77cc3-07a7-4594-96b4-a1506a301ea4\"><\/div><\/div><\/p><\/div>\n\t\t\t\t\t\t\t<\/div>\n\t\t<\/div>\n\t\t\t\t\t\t<\/div>\n\t\t\t\t<\/div>\n\t\t\t\t<div class=\"elementor-element elementor-element-445e306 elementor-widget elementor-widget-html\" data-id=\"445e306\" data-element_type=\"widget\" data-e-type=\"widget\" data-widget_type=\"html.default\">\n\t\t\t\t<div class=\"elementor-widget-container\">\n\t\t\t\t\t<script>\r\njQuery(document).ready(function($) {\r\n    \/\/ \u00c9coute le clic sur les titres d'onglets Elementor\r\n    $('.elementor-tab-title').on('click', function() {\r\n        setTimeout(function() {\r\n            \/\/ Force le navigateur \u00e0 croire que la fen\u00eatre a chang\u00e9 de taille\r\n            window.dispatchEvent(new Event('resize'));\r\n            \/\/ D\u00e9clenche aussi l'\u00e9v\u00e9nement sp\u00e9cifique de Image Map Pro si n\u00e9cessaire\r\n            $(window).trigger('resize'); \r\n        }, 100); \/\/ Petit d\u00e9lai de 200ms pour laisser l'onglet s'ouvrir\r\n    });\r\n});\r\n<\/script>\r\n\t\t\t\t<\/div>\n\t\t\t\t<\/div>\n\t\t\t\t<div class=\"elementor-element elementor-element-b1861eb elementor-widget__width-inherit elementor-hidden-desktop elementor-hidden-tablet elementor-hidden-mobile elementor-widget elementor-widget-shortcode\" data-id=\"b1861eb\" data-element_type=\"widget\" data-e-type=\"widget\" data-widget_type=\"shortcode.default\">\n\t\t\t\t<div class=\"elementor-widget-container\">\n\t\t\t\t\t\t\t<div class=\"elementor-shortcode\"><div><div id=\"image-map-pro-231763d8-db62-4f72-8f31-b50abdd3d124\"><\/div><\/div><\/div>\n\t\t\t\t\t\t<\/div>\n\t\t\t\t<\/div>\n\t\t\t\t<div class=\"elementor-element elementor-element-27e2427 elementor-hidden-desktop elementor-hidden-tablet elementor-hidden-mobile elementor-widget elementor-widget-shortcode\" data-id=\"27e2427\" data-element_type=\"widget\" data-e-type=\"widget\" data-widget_type=\"shortcode.default\">\n\t\t\t\t<div class=\"elementor-widget-container\">\n\t\t\t\t\t\t\t<div class=\"elementor-shortcode\"><div><div id=\"image-map-pro-98a9704a-57c3-427f-81de-b4d1546c8d0b\"><\/div><\/div><\/div>\n\t\t\t\t\t\t<\/div>\n\t\t\t\t<\/div>\n\t\t\t\t<div class=\"elementor-element elementor-element-d04e034 elementor-hidden-desktop elementor-hidden-tablet elementor-hidden-mobile elementor-widget elementor-widget-shortcode\" data-id=\"d04e034\" data-element_type=\"widget\" data-e-type=\"widget\" data-widget_type=\"shortcode.default\">\n\t\t\t\t<div class=\"elementor-widget-container\">\n\t\t\t\t\t\t\t<div class=\"elementor-shortcode\"><div><div id=\"image-map-pro-69a77cc3-07a7-4594-96b4-a1506a301ea4\"><\/div><\/div><\/div>\n\t\t\t\t\t\t<\/div>\n\t\t\t\t<\/div>\n\t\t\t\t\t<\/div>\n\t\t<\/div>\n\t\t\t\t\t<\/div>\n\t\t<\/section>\n\t\t\t\t<\/div>\n\t\t","protected":false},"excerpt":{"rendered":"<p>RDC 1er \u00e9tage 2\u00e8me \u00e9tage RDC 1er \u00e9tage 2\u00e8me \u00e9tage<\/p>\n","protected":false},"author":1,"featured_media":0,"parent":0,"menu_order":0,"comment_status":"closed","ping_status":"closed","template":"elementor_canvas","meta":{"ocean_post_layout":"","ocean_both_sidebars_style":"","ocean_both_sidebars_content_width":0,"ocean_both_sidebars_sidebars_width":0,"ocean_sidebar":"","ocean_second_sidebar":"","ocean_disable_margins":"enable","ocean_add_body_class":"","ocean_shortcode_before_top_bar":"","ocean_shortcode_after_top_bar":"","ocean_shortcode_before_header":"","ocean_shortcode_after_header":"","ocean_has_shortcode":"","ocean_shortcode_after_title":"","ocean_shortcode_before_footer_widgets":"","ocean_shortcode_after_footer_widgets":"","ocean_shortcode_before_footer_bottom":"","ocean_shortcode_after_footer_bottom":"","ocean_display_top_bar":"default","ocean_display_header":"default","ocean_header_style":"","ocean_center_header_left_menu":"","ocean_custom_header_template":"","ocean_custom_logo":0,"ocean_custom_retina_logo":0,"ocean_custom_logo_max_width":0,"ocean_custom_logo_tablet_max_width":0,"ocean_custom_logo_mobile_max_width":0,"ocean_custom_logo_max_height":0,"ocean_custom_logo_tablet_max_height":0,"ocean_custom_logo_mobile_max_height":0,"ocean_header_custom_menu":"","ocean_menu_typo_font_family":"","ocean_menu_typo_font_subset":"","ocean_menu_typo_font_size":0,"ocean_menu_typo_font_size_tablet":0,"ocean_menu_typo_font_size_mobile":0,"ocean_menu_typo_font_size_unit":"px","ocean_menu_typo_font_weight":"","ocean_menu_typo_font_weight_tablet":"","ocean_menu_typo_font_weight_mobile":"","ocean_menu_typo_transform":"","ocean_menu_typo_transform_tablet":"","ocean_menu_typo_transform_mobile":"","ocean_menu_typo_line_height":0,"ocean_menu_typo_line_height_tablet":0,"ocean_menu_typo_line_height_mobile":0,"ocean_menu_typo_line_height_unit":"","ocean_menu_typo_spacing":0,"ocean_menu_typo_spacing_tablet":0,"ocean_menu_typo_spacing_mobile":0,"ocean_menu_typo_spacing_unit":"","ocean_menu_link_color":"","ocean_menu_link_color_hover":"","ocean_menu_link_color_active":"","ocean_menu_link_background":"","ocean_menu_link_hover_background":"","ocean_menu_link_active_background":"","ocean_menu_social_links_bg":"","ocean_menu_social_hover_links_bg":"","ocean_menu_social_links_color":"","ocean_menu_social_hover_links_color":"","ocean_disable_title":"default","ocean_disable_heading":"default","ocean_post_title":"","ocean_post_subheading":"","ocean_post_title_style":"","ocean_post_title_background_color":"","ocean_post_title_background":0,"ocean_post_title_bg_image_position":"","ocean_post_title_bg_image_attachment":"","ocean_post_title_bg_image_repeat":"","ocean_post_title_bg_image_size":"","ocean_post_title_height":0,"ocean_post_title_bg_overlay":0.5,"ocean_post_title_bg_overlay_color":"","ocean_disable_breadcrumbs":"default","ocean_breadcrumbs_color":"","ocean_breadcrumbs_separator_color":"","ocean_breadcrumbs_links_color":"","ocean_breadcrumbs_links_hover_color":"","ocean_display_footer_widgets":"default","ocean_display_footer_bottom":"default","ocean_custom_footer_template":"","footnotes":""},"class_list":["post-37313","page","type-page","status-publish","hentry","entry"],"yoast_head":"<!-- This site is optimized with the Yoast SEO plugin v27.5 - https:\/\/yoast.com\/product\/yoast-seo-wordpress\/ -->\n<title>source plans - VIZZ | Perspectiviste - Infographie 3D<\/title>\n<meta name=\"robots\" content=\"index, follow, max-snippet:-1, max-image-preview:large, max-video-preview:-1\" \/>\n<link rel=\"canonical\" href=\"https:\/\/vizzlab.fr\/index.php\/source_plans\/\" \/>\n<meta property=\"og:locale\" content=\"fr_FR\" \/>\n<meta property=\"og:type\" content=\"article\" \/>\n<meta property=\"og:title\" content=\"source plans - VIZZ | Perspectiviste - Infographie 3D\" \/>\n<meta property=\"og:description\" content=\"RDC 1er \u00e9tage 2\u00e8me \u00e9tage RDC 1er \u00e9tage 2\u00e8me \u00e9tage\" \/>\n<meta property=\"og:url\" content=\"https:\/\/vizzlab.fr\/index.php\/source_plans\/\" \/>\n<meta property=\"og:site_name\" content=\"VIZZ | Perspectiviste - Infographie 3D\" \/>\n<meta property=\"article:publisher\" content=\"https:\/\/www.facebook.com\/vizzprofil\" \/>\n<meta property=\"article:modified_time\" content=\"2025-12-05T15:32:46+00:00\" \/>\n<meta name=\"twitter:card\" content=\"summary_large_image\" \/>\n<meta name=\"twitter:label1\" content=\"Dur\u00e9e de lecture estim\u00e9e\" \/>\n\t<meta name=\"twitter:data1\" content=\"1 minute\" \/>\n<script type=\"application\/ld+json\" class=\"yoast-schema-graph\">{\"@context\":\"https:\\\/\\\/schema.org\",\"@graph\":[{\"@type\":\"WebPage\",\"@id\":\"https:\\\/\\\/vizzlab.fr\\\/index.php\\\/source_plans\\\/\",\"url\":\"https:\\\/\\\/vizzlab.fr\\\/index.php\\\/source_plans\\\/\",\"name\":\"source plans - VIZZ | Perspectiviste - Infographie 3D\",\"isPartOf\":{\"@id\":\"https:\\\/\\\/vizzlab.fr\\\/#website\"},\"datePublished\":\"2025-12-02T17:27:17+00:00\",\"dateModified\":\"2025-12-05T15:32:46+00:00\",\"breadcrumb\":{\"@id\":\"https:\\\/\\\/vizzlab.fr\\\/index.php\\\/source_plans\\\/#breadcrumb\"},\"inLanguage\":\"fr-FR\",\"potentialAction\":[{\"@type\":\"ReadAction\",\"target\":[\"https:\\\/\\\/vizzlab.fr\\\/index.php\\\/source_plans\\\/\"]}]},{\"@type\":\"BreadcrumbList\",\"@id\":\"https:\\\/\\\/vizzlab.fr\\\/index.php\\\/source_plans\\\/#breadcrumb\",\"itemListElement\":[{\"@type\":\"ListItem\",\"position\":1,\"name\":\"Accueil\",\"item\":\"https:\\\/\\\/vizzlab.fr\\\/\"},{\"@type\":\"ListItem\",\"position\":2,\"name\":\"source plans\"}]},{\"@type\":\"WebSite\",\"@id\":\"https:\\\/\\\/vizzlab.fr\\\/#website\",\"url\":\"https:\\\/\\\/vizzlab.fr\\\/\",\"name\":\"VIZZ - Infographie 3D\",\"description\":\"VIZZ est un Lab de visualisation pour l&#039;architecture. Il propose des solutions de communication de vos projets : perspective, animation, rendu 3D (plan, axonom\u00e9trie, maquette).\",\"publisher\":{\"@id\":\"https:\\\/\\\/vizzlab.fr\\\/#organization\"},\"potentialAction\":[{\"@type\":\"SearchAction\",\"target\":{\"@type\":\"EntryPoint\",\"urlTemplate\":\"https:\\\/\\\/vizzlab.fr\\\/?s={search_term_string}\"},\"query-input\":{\"@type\":\"PropertyValueSpecification\",\"valueRequired\":true,\"valueName\":\"search_term_string\"}}],\"inLanguage\":\"fr-FR\"},{\"@type\":\"Organization\",\"@id\":\"https:\\\/\\\/vizzlab.fr\\\/#organization\",\"name\":\"VIZZ - Infographie 3D\",\"url\":\"https:\\\/\\\/vizzlab.fr\\\/\",\"logo\":{\"@type\":\"ImageObject\",\"inLanguage\":\"fr-FR\",\"@id\":\"https:\\\/\\\/vizzlab.fr\\\/#\\\/schema\\\/logo\\\/image\\\/\",\"url\":\"https:\\\/\\\/vizzlab.fr\\\/wp-content\\\/uploads\\\/2020\\\/09\\\/apres.jpg\",\"contentUrl\":\"https:\\\/\\\/vizzlab.fr\\\/wp-content\\\/uploads\\\/2020\\\/09\\\/apres.jpg\",\"width\":1920,\"height\":1080,\"caption\":\"VIZZ - Infographie 3D\"},\"image\":{\"@id\":\"https:\\\/\\\/vizzlab.fr\\\/#\\\/schema\\\/logo\\\/image\\\/\"},\"sameAs\":[\"https:\\\/\\\/www.facebook.com\\\/vizzprofil\"]}]}<\/script>\n<!-- \/ Yoast SEO plugin. -->","yoast_head_json":{"title":"source plans - VIZZ | Perspectiviste - Infographie 3D","robots":{"index":"index","follow":"follow","max-snippet":"max-snippet:-1","max-image-preview":"max-image-preview:large","max-video-preview":"max-video-preview:-1"},"canonical":"https:\/\/vizzlab.fr\/index.php\/source_plans\/","og_locale":"fr_FR","og_type":"article","og_title":"source plans - VIZZ | Perspectiviste - Infographie 3D","og_description":"RDC 1er \u00e9tage 2\u00e8me \u00e9tage RDC 1er \u00e9tage 2\u00e8me \u00e9tage","og_url":"https:\/\/vizzlab.fr\/index.php\/source_plans\/","og_site_name":"VIZZ | Perspectiviste - Infographie 3D","article_publisher":"https:\/\/www.facebook.com\/vizzprofil","article_modified_time":"2025-12-05T15:32:46+00:00","twitter_card":"summary_large_image","twitter_misc":{"Dur\u00e9e de lecture estim\u00e9e":"1 minute"},"schema":{"@context":"https:\/\/schema.org","@graph":[{"@type":"WebPage","@id":"https:\/\/vizzlab.fr\/index.php\/source_plans\/","url":"https:\/\/vizzlab.fr\/index.php\/source_plans\/","name":"source plans - VIZZ | Perspectiviste - Infographie 3D","isPartOf":{"@id":"https:\/\/vizzlab.fr\/#website"},"datePublished":"2025-12-02T17:27:17+00:00","dateModified":"2025-12-05T15:32:46+00:00","breadcrumb":{"@id":"https:\/\/vizzlab.fr\/index.php\/source_plans\/#breadcrumb"},"inLanguage":"fr-FR","potentialAction":[{"@type":"ReadAction","target":["https:\/\/vizzlab.fr\/index.php\/source_plans\/"]}]},{"@type":"BreadcrumbList","@id":"https:\/\/vizzlab.fr\/index.php\/source_plans\/#breadcrumb","itemListElement":[{"@type":"ListItem","position":1,"name":"Accueil","item":"https:\/\/vizzlab.fr\/"},{"@type":"ListItem","position":2,"name":"source plans"}]},{"@type":"WebSite","@id":"https:\/\/vizzlab.fr\/#website","url":"https:\/\/vizzlab.fr\/","name":"VIZZ - Infographie 3D","description":"VIZZ est un Lab de visualisation pour l&#039;architecture. Il propose des solutions de communication de vos projets : perspective, animation, rendu 3D (plan, axonom\u00e9trie, maquette).","publisher":{"@id":"https:\/\/vizzlab.fr\/#organization"},"potentialAction":[{"@type":"SearchAction","target":{"@type":"EntryPoint","urlTemplate":"https:\/\/vizzlab.fr\/?s={search_term_string}"},"query-input":{"@type":"PropertyValueSpecification","valueRequired":true,"valueName":"search_term_string"}}],"inLanguage":"fr-FR"},{"@type":"Organization","@id":"https:\/\/vizzlab.fr\/#organization","name":"VIZZ - Infographie 3D","url":"https:\/\/vizzlab.fr\/","logo":{"@type":"ImageObject","inLanguage":"fr-FR","@id":"https:\/\/vizzlab.fr\/#\/schema\/logo\/image\/","url":"https:\/\/vizzlab.fr\/wp-content\/uploads\/2020\/09\/apres.jpg","contentUrl":"https:\/\/vizzlab.fr\/wp-content\/uploads\/2020\/09\/apres.jpg","width":1920,"height":1080,"caption":"VIZZ - Infographie 3D"},"image":{"@id":"https:\/\/vizzlab.fr\/#\/schema\/logo\/image\/"},"sameAs":["https:\/\/www.facebook.com\/vizzprofil"]}]}},"_links":{"self":[{"href":"https:\/\/vizzlab.fr\/index.php\/wp-json\/wp\/v2\/pages\/37313","targetHints":{"allow":["GET"]}}],"collection":[{"href":"https:\/\/vizzlab.fr\/index.php\/wp-json\/wp\/v2\/pages"}],"about":[{"href":"https:\/\/vizzlab.fr\/index.php\/wp-json\/wp\/v2\/types\/page"}],"author":[{"embeddable":true,"href":"https:\/\/vizzlab.fr\/index.php\/wp-json\/wp\/v2\/users\/1"}],"replies":[{"embeddable":true,"href":"https:\/\/vizzlab.fr\/index.php\/wp-json\/wp\/v2\/comments?post=37313"}],"version-history":[{"count":85,"href":"https:\/\/vizzlab.fr\/index.php\/wp-json\/wp\/v2\/pages\/37313\/revisions"}],"predecessor-version":[{"id":37863,"href":"https:\/\/vizzlab.fr\/index.php\/wp-json\/wp\/v2\/pages\/37313\/revisions\/37863"}],"wp:attachment":[{"href":"https:\/\/vizzlab.fr\/index.php\/wp-json\/wp\/v2\/media?parent=37313"}],"curies":[{"name":"wp","href":"https:\/\/api.w.org\/{rel}","templated":true}]}}